{"id":2,"date":"2022-10-29T00:11:02","date_gmt":"2022-10-29T00:11:02","guid":{"rendered":"https:\/\/addinreconciliation.com\/?page_id=2"},"modified":"2024-06-22T13:59:28","modified_gmt":"2024-06-22T13:59:28","slug":"sample-page","status":"publish","type":"page","link":"https:\/\/addinreconciliation.com\/es\/","title":{"rendered":"Complemento Excel Conciliaci\u00f3n Bancaria"},"content":{"rendered":"<div data-elementor-type=\"wp-page\" data-elementor-id=\"2\" class=\"elementor elementor-2\">\n\t\t\t\t\t\t<section class=\"elementor-section elementor-top-section elementor-element elementor-element-249789a7 elementor-section-boxed elementor-section-height-default elementor-section-height-default\" data-id=\"249789a7\" data-element_type=\"section\" data-e-type=\"section\">\n\t\t\t\t\t\t<div class=\"elementor-container elementor-column-gap-default\">\n\t\t\t\t\t<div class=\"elementor-column elementor-col-100 elementor-top-column elementor-element elementor-element-457936cb\" data-id=\"457936cb\" data-element_type=\"column\" data-e-type=\"column\">\n\t\t\t<div class=\"elementor-widget-wrap elementor-element-populated\">\n\t\t\t\t\t\t<div class=\"elementor-element elementor-element-201d3e05 elementor-widget elementor-widget-text-editor\" data-id=\"201d3e05\" data-element_type=\"widget\" data-e-type=\"widget\" data-widget_type=\"text-editor.default\">\n\t\t\t\t<div class=\"elementor-widget-container\">\n\t\t\t\t\t\t\t\t\t\n<p><\/p>\n\n\n\n<p>VSTO Conciliaci\u00f3n Bancaria para Excel, es una excelente herramienta que realiza de forma r\u00e1pida y autom\u00e1tica las conciliaciones bancarias, es bastante \u00fatil para ahorrar tiempo y evitar los errores asociados al realizarla manualmente.<\/p>\n\n\n\n<p><mark style=\"background-color:rgba(0, 0, 0, 0)\" class=\"has-inline-color has-vivid-cyan-blue-color\"><strong>Ventajas:<\/strong><\/mark><\/p>\n\n\n\n<div class=\"wp-block-columns is-layout-flex wp-container-core-columns-is-layout-9d6595d7 wp-block-columns-is-layout-flex\">\n<div class=\"wp-block-column is-layout-flow wp-block-column-is-layout-flow\" style=\"flex-basis:66.66%\">\n<ul class=\"wp-block-list\">\n<li>Ahorro de tiempo, por lo tanto, incremento en la eficiencia de los departamentos de contabilidad, finanzas y auditor\u00eda.<\/li>\n\n\n\n<li>Minimiza errores en las conciliaciones manuales.<\/li>\n\n\n\n<li>Puede usarlos no solo para conciliaciones bancarias, sino que puede conciliar cualquier tipo de informaci\u00f3n o transacci\u00f3n.<\/li>\n<\/ul>\n<\/div>\n<\/div>\n\n\n\n<p>Como complemento VSTO de Excel, utiliza las herramientas disponibles de las hojas de c\u00e1lculos Excel, facilita considerablemente su manejo, an\u00e1lisis y presentaci\u00f3n, aplicando todas las bondades que Excel nos ofrece y que todos los contadores conocemos, se pueden realizar conciliaciones mensuales, semanales o a conveniencia del usuario.<\/p>\n\n\n\n<p>Se puede parametrizar el tipo de coincidencias para realizar conciliaciones, ya sea por c\u00f3digo, referencia y\/o fechas, a conveniencia del usuario, as\u00ed facilita el an\u00e1lisis de los datos no conciliados y les da seguridad a los datos conciliados con respecto a los par\u00e1metros designados.<\/p>\n\n\n\n<p>Se utiliza frecuentemente para realizar conciliaciones bancarias, pero se pueden realizar conciliaciones de todo tipo, importe o cantidades, compras y ventas, proveedores, cuentas por cobrar, solo es necesario tener los dos archivos de informaci\u00f3n para realizar la comparaci\u00f3n de las transacciones.<\/p>\n\n\n\n<p>Dentro de los par\u00e1metros se puede configurar para realizar la conciliaci\u00f3n por importes parciales teniendo en cuenta las referencias comunes de los dos listados de informaci\u00f3n o transacciones a comparar (varias transacciones a una transacci\u00f3n), es decir comparar importes totales con importes parciales.<\/p>\n\n\n\n<p><\/p>\n\n\n\n<p>Se puede dar tolerancia en los importes para conciliar, ya que generalmente en la contabilidad hay diferencias en redondeo al registrar una transacci\u00f3n.<\/p>\n\n\n\n<p><\/p>\n\n\n\n<p>Termine la conciliaci\u00f3n usando la conciliaci\u00f3n manual para conciliar las transacciones que por alg\u00fan motivo no fue posible conciliar autom\u00e1ticamente.<\/p>\n\t\t\t\t\t\t\t\t<\/div>\n\t\t\t\t<\/div>\n\t\t\t\t\t<\/div>\n\t\t<\/div>\n\t\t\t\t\t<\/div>\n\t\t<\/section>\n\t\t\t\t<\/div>","protected":false},"excerpt":{"rendered":"<p>VSTO Add-In Reconciliation for Excel is an excellent tool that carry out bank reconciliations quickly and automatically. It is quite useful to save time and avoid errors associated with doing it manually. Advantage: As a VSTO Add-In for Excel, it uses the tools available in Excel spreadsheets, considerably facilitating its management, analysis and presentation, applying &hellip; <\/p>\n<p class=\"link-more\"><a href=\"https:\/\/addinreconciliation.com\/es\/\" class=\"more-link\">Continuar leyendo<span class=\"screen-reader-text\"> &#8220;ADD-IN Reconciliation&#8221;<\/span><\/a><\/p>","protected":false},"author":1,"featured_media":0,"parent":0,"menu_order":0,"comment_status":"closed","ping_status":"closed","template":"","meta":{"footnotes":""},"class_list":["post-2","page","type-page","status-publish","hentry"],"jetpack_sharing_enabled":true,"_links":{"self":[{"href":"https:\/\/addinreconciliation.com\/es\/wp-json\/wp\/v2\/pages\/2","targetHints":{"allow":["GET"]}}],"collection":[{"href":"https:\/\/addinreconciliation.com\/es\/wp-json\/wp\/v2\/pages"}],"about":[{"href":"https:\/\/addinreconciliation.com\/es\/wp-json\/wp\/v2\/types\/page"}],"author":[{"embeddable":true,"href":"https:\/\/addinreconciliation.com\/es\/wp-json\/wp\/v2\/users\/1"}],"replies":[{"embeddable":true,"href":"https:\/\/addinreconciliation.com\/es\/wp-json\/wp\/v2\/comments?post=2"}],"version-history":[{"count":37,"href":"https:\/\/addinreconciliation.com\/es\/wp-json\/wp\/v2\/pages\/2\/revisions"}],"predecessor-version":[{"id":538,"href":"https:\/\/addinreconciliation.com\/es\/wp-json\/wp\/v2\/pages\/2\/revisions\/538"}],"wp:attachment":[{"href":"https:\/\/addinreconciliation.com\/es\/wp-json\/wp\/v2\/media?parent=2"}],"curies":[{"name":"wp","href":"https:\/\/api.w.org\/{rel}","templated":true}]}}