{"id":450,"date":"2023-04-08T01:58:15","date_gmt":"2023-04-08T01:58:15","guid":{"rendered":"https:\/\/addinreconciliation.com\/?post_type=product&#038;p=450"},"modified":"2025-03-06T16:12:48","modified_gmt":"2025-03-06T16:12:48","slug":"add-in-reconciliation-free-version","status":"publish","type":"product","link":"https:\/\/addinreconciliation.com\/es\/producto\/add-in-reconciliation-free-version\/","title":{"rendered":"Complemento Excel Conciliaci\u00f3n Bancaria Versi\u00f3n Gratuita"},"content":{"rendered":"<p style=\"text-align: left;\">VSTO Conciliaci\u00f3n Bancaria para Excel, es una excelente herramienta que realiza de forma r\u00e1pida y autom\u00e1tica las conciliaciones bancarias, es bastante \u00fatil para ahorrar tiempo y evitar los errores asociados al realizarla manualmente.<\/p>\n<p>Prueba esta versi\u00f3n gratuita para analizar tu compra!!!<\/p>\n<p><a class=\"fasc-button fasc-size-large fasc-type-glossy fasc-rounded-medium fasc-ico-before dashicons-admin-links\" style=\"background-color: #27aae1; color: #ffffff;\" href=\"https:\/\/addinreconciliation.com\/wp-content\/uploads\/Bank-Reconciliation-Beta.zip\"> Download<\/a>&nbsp;<\/p>","protected":false},"excerpt":{"rendered":"<p>VSTO Conciliaci\u00f3n Bancaria para Excel, es una excelente herramienta que realiza de forma r\u00e1pida y autom\u00e1tica las conciliaciones bancarias, es bastante \u00fatil para ahorrar tiempo y evitar los errores asociados al realizarla manualmente.<\/p>","protected":false},"featured_media":452,"template":"","meta":[],"product_brand":[],"product_cat":[26],"product_tag":[24,25,27,28],"class_list":{"0":"post-450","1":"product","2":"type-product","3":"status-publish","4":"has-post-thumbnail","6":"product_cat-vsto-add-in-for-excel","7":"product_tag-add-inn","8":"product_tag-bank-reconciliation","9":"product_tag-excel","10":"product_tag-reconciliation","12":"first","13":"instock","14":"downloadable","15":"virtual","16":"product-type-simple"},"jetpack_sharing_enabled":true,"_links":{"self":[{"href":"https:\/\/addinreconciliation.com\/es\/wp-json\/wp\/v2\/product\/450","targetHints":{"allow":["GET"]}}],"collection":[{"href":"https:\/\/addinreconciliation.com\/es\/wp-json\/wp\/v2\/product"}],"about":[{"href":"https:\/\/addinreconciliation.com\/es\/wp-json\/wp\/v2\/types\/product"}],"wp:featuredmedia":[{"embeddable":true,"href":"https:\/\/addinreconciliation.com\/es\/wp-json\/wp\/v2\/media\/452"}],"wp:attachment":[{"href":"https:\/\/addinreconciliation.com\/es\/wp-json\/wp\/v2\/media?parent=450"}],"wp:term":[{"taxonomy":"product_brand","embeddable":true,"href":"https:\/\/addinreconciliation.com\/es\/wp-json\/wp\/v2\/product_brand?post=450"},{"taxonomy":"product_cat","embeddable":true,"href":"https:\/\/addinreconciliation.com\/es\/wp-json\/wp\/v2\/product_cat?post=450"},{"taxonomy":"product_tag","embeddable":true,"href":"https:\/\/addinreconciliation.com\/es\/wp-json\/wp\/v2\/product_tag?post=450"}],"curies":[{"name":"wp","href":"https:\/\/api.w.org\/{rel}","templated":true}]}}