{"id":483,"date":"2023-09-20T22:05:37","date_gmt":"2023-09-20T22:05:37","guid":{"rendered":"https:\/\/addinreconciliation.com\/?post_type=product&#038;p=483"},"modified":"2025-03-06T16:12:07","modified_gmt":"2025-03-06T16:12:07","slug":"complemento-excel-conciliacion-bancaria","status":"publish","type":"product","link":"https:\/\/addinreconciliation.com\/es\/producto\/complemento-excel-conciliacion-bancaria\/","title":{"rendered":"Conciliaci\u00f3n Bancaria"},"content":{"rendered":"<p>Complemento Excel Conciliaci\u00f3n bancaria es una excelente herramienta para realizar conciliaciones bancarias de forma r\u00e1pida y autom\u00e1tica, es bastante \u00fatil para ahorrar tiempo y evitar los errores asociados al realizarla manualmente.<\/p>","protected":false},"excerpt":{"rendered":"<p>Complemento Excel Conciliaci\u00f3n bancaria es una excelente herramienta para realizar conciliaciones bancarias de forma r\u00e1pida y autom\u00e1tica, es bastante \u00fatil para ahorrar tiempo y evitar los errores asociados al realizarla manualmente.<\/p>","protected":false},"featured_media":465,"template":"","meta":[],"product_brand":[],"product_cat":[26],"product_tag":[34,33,32,27],"class_list":{"0":"post-483","1":"product","2":"type-product","3":"status-publish","4":"has-post-thumbnail","6":"product_cat-vsto-add-in-for-excel","7":"product_tag-complemento-excel","8":"product_tag-conciliacion","9":"product_tag-conciliacion-bancaria","10":"product_tag-excel","12":"first","13":"instock","14":"downloadable","15":"virtual","16":"purchasable","17":"product-type-simple"},"jetpack_sharing_enabled":true,"_links":{"self":[{"href":"https:\/\/addinreconciliation.com\/es\/wp-json\/wp\/v2\/product\/483","targetHints":{"allow":["GET"]}}],"collection":[{"href":"https:\/\/addinreconciliation.com\/es\/wp-json\/wp\/v2\/product"}],"about":[{"href":"https:\/\/addinreconciliation.com\/es\/wp-json\/wp\/v2\/types\/product"}],"wp:featuredmedia":[{"embeddable":true,"href":"https:\/\/addinreconciliation.com\/es\/wp-json\/wp\/v2\/media\/465"}],"wp:attachment":[{"href":"https:\/\/addinreconciliation.com\/es\/wp-json\/wp\/v2\/media?parent=483"}],"wp:term":[{"taxonomy":"product_brand","embeddable":true,"href":"https:\/\/addinreconciliation.com\/es\/wp-json\/wp\/v2\/product_brand?post=483"},{"taxonomy":"product_cat","embeddable":true,"href":"https:\/\/addinreconciliation.com\/es\/wp-json\/wp\/v2\/product_cat?post=483"},{"taxonomy":"product_tag","embeddable":true,"href":"https:\/\/addinreconciliation.com\/es\/wp-json\/wp\/v2\/product_tag?post=483"}],"curies":[{"name":"wp","href":"https:\/\/api.w.org\/{rel}","templated":true}]}}