{"id":492,"date":"2023-09-20T22:30:22","date_gmt":"2023-09-20T22:30:22","guid":{"rendered":"https:\/\/addinreconciliation.com\/?post_type=product&#038;p=492"},"modified":"2025-03-06T16:11:37","modified_gmt":"2025-03-06T16:11:37","slug":"conciliacion-bancaria-version-gratuita","status":"publish","type":"product","link":"https:\/\/addinreconciliation.com\/es\/producto\/conciliacion-bancaria-version-gratuita\/","title":{"rendered":"Conciliaci\u00f3n Bancaria Versi\u00f3n Gratuita"},"content":{"rendered":"<p>Complemento Excel Conciliaci\u00f3n bancaria es una excelente herramienta para realizar conciliaciones bancarias de forma r\u00e1pida y autom\u00e1tica, es bastante \u00fatil para ahorrar tiempo y evitar los errores asociados al realizarla manualmente.<\/p>\n<p>Prueba esta versi\u00f3n gratuita para analizar tu compra.<\/p>\n<p><a class=\"fasc-button fasc-size-large fasc-type-glossy fasc-rounded-medium fasc-ico-before dashicons-admin-links\" style=\"background-color: #27aae1; color: #ffffff;\" href=\"https:\/\/addinreconciliation.com\/wp-content\/uploads\/Conciliar-Banco-Beta.zip\"> Descargar<\/a>&nbsp;<\/p>","protected":false},"excerpt":{"rendered":"<p>Complemento Excel Conciliaci\u00f3n bancaria es una excelente herramienta para realizar conciliaciones bancarias de forma r\u00e1pida y autom\u00e1tica, es bastante \u00fatil para ahorrar tiempo y evitar los errores asociados al realizarla manualmente.<\/p>","protected":false},"featured_media":491,"template":"","meta":[],"product_brand":[],"product_cat":[26],"product_tag":[34,33,32,27],"class_list":{"0":"post-492","1":"product","2":"type-product","3":"status-publish","4":"has-post-thumbnail","6":"product_cat-vsto-add-in-for-excel","7":"product_tag-complemento-excel","8":"product_tag-conciliacion","9":"product_tag-conciliacion-bancaria","10":"product_tag-excel","12":"first","13":"instock","14":"downloadable","15":"virtual","16":"product-type-simple"},"jetpack_sharing_enabled":true,"_links":{"self":[{"href":"https:\/\/addinreconciliation.com\/es\/wp-json\/wp\/v2\/product\/492","targetHints":{"allow":["GET"]}}],"collection":[{"href":"https:\/\/addinreconciliation.com\/es\/wp-json\/wp\/v2\/product"}],"about":[{"href":"https:\/\/addinreconciliation.com\/es\/wp-json\/wp\/v2\/types\/product"}],"wp:featuredmedia":[{"embeddable":true,"href":"https:\/\/addinreconciliation.com\/es\/wp-json\/wp\/v2\/media\/491"}],"wp:attachment":[{"href":"https:\/\/addinreconciliation.com\/es\/wp-json\/wp\/v2\/media?parent=492"}],"wp:term":[{"taxonomy":"product_brand","embeddable":true,"href":"https:\/\/addinreconciliation.com\/es\/wp-json\/wp\/v2\/product_brand?post=492"},{"taxonomy":"product_cat","embeddable":true,"href":"https:\/\/addinreconciliation.com\/es\/wp-json\/wp\/v2\/product_cat?post=492"},{"taxonomy":"product_tag","embeddable":true,"href":"https:\/\/addinreconciliation.com\/es\/wp-json\/wp\/v2\/product_tag?post=492"}],"curies":[{"name":"wp","href":"https:\/\/api.w.org\/{rel}","templated":true}]}}