{"id":545,"date":"2024-09-15T16:14:33","date_gmt":"2024-09-15T16:14:33","guid":{"rendered":"https:\/\/addinreconciliation.com\/?post_type=product&#038;p=545"},"modified":"2025-03-06T16:56:52","modified_gmt":"2025-03-06T16:56:52","slug":"conciliar-mayor-version-gratuita","status":"publish","type":"product","link":"https:\/\/addinreconciliation.com\/es\/producto\/conciliar-mayor-version-gratuita\/","title":{"rendered":"Conciliar Mayor Versi\u00f3n Gratuita"},"content":{"rendered":"<p>Complemento Excel Conciliar Mayor es una excelente herramienta para realizar conciliaciones de Mayor de forma r\u00e1pida y autom\u00e1tica, es bastante \u00fatil para ahorrar tiempo y evitar los errores asociados al realizarla manualmente.<\/p>\n<p>Prueba esta versi\u00f3n gratuita para analizar tu compra.<\/p>\n<p><a class=\"fasc-button fasc-size-large fasc-type-glossy fasc-rounded-medium fasc-ico-before dashicons-admin-links\" style=\"background-color: #27aae1; color: #ffffff;\" href=\"https:\/\/addinreconciliation.com\/wp-content\/uploads\/Conciliar-Mayor-Beta.zip\"> Descargar<\/a>&nbsp;<\/p>","protected":false},"excerpt":{"rendered":"<p>Complemento Excel Conciliar Mayor es una excelente herramienta para realizar conciliaciones de Mayor de forma r\u00e1pida y autom\u00e1tica, es bastante \u00fatil para ahorrar tiempo y evitar los errores asociados al realizarla manualmente. Prueba esta versi\u00f3n gratuita para analizar tu compra. Descargar&nbsp;<\/p>","protected":false},"featured_media":19,"template":"","meta":[],"product_brand":[],"product_cat":[26],"product_tag":[34,33,36],"class_list":{"0":"post-545","1":"product","2":"type-product","3":"status-publish","4":"has-post-thumbnail","6":"product_cat-vsto-add-in-for-excel","7":"product_tag-complemento-excel","8":"product_tag-conciliacion","9":"product_tag-mayor","11":"first","12":"instock","13":"downloadable","14":"shipping-taxable","15":"product-type-simple"},"jetpack_sharing_enabled":true,"_links":{"self":[{"href":"https:\/\/addinreconciliation.com\/es\/wp-json\/wp\/v2\/product\/545","targetHints":{"allow":["GET"]}}],"collection":[{"href":"https:\/\/addinreconciliation.com\/es\/wp-json\/wp\/v2\/product"}],"about":[{"href":"https:\/\/addinreconciliation.com\/es\/wp-json\/wp\/v2\/types\/product"}],"wp:featuredmedia":[{"embeddable":true,"href":"https:\/\/addinreconciliation.com\/es\/wp-json\/wp\/v2\/media\/19"}],"wp:attachment":[{"href":"https:\/\/addinreconciliation.com\/es\/wp-json\/wp\/v2\/media?parent=545"}],"wp:term":[{"taxonomy":"product_brand","embeddable":true,"href":"https:\/\/addinreconciliation.com\/es\/wp-json\/wp\/v2\/product_brand?post=545"},{"taxonomy":"product_cat","embeddable":true,"href":"https:\/\/addinreconciliation.com\/es\/wp-json\/wp\/v2\/product_cat?post=545"},{"taxonomy":"product_tag","embeddable":true,"href":"https:\/\/addinreconciliation.com\/es\/wp-json\/wp\/v2\/product_tag?post=545"}],"curies":[{"name":"wp","href":"https:\/\/api.w.org\/{rel}","templated":true}]}}