{"id":546,"date":"2024-09-15T16:17:58","date_gmt":"2024-09-15T16:17:58","guid":{"rendered":"https:\/\/addinreconciliation.com\/?post_type=product&#038;p=546"},"modified":"2025-03-06T16:56:27","modified_gmt":"2025-03-06T16:56:27","slug":"conciliar-mayores","status":"publish","type":"product","link":"https:\/\/addinreconciliation.com\/es\/producto\/conciliar-mayores\/","title":{"rendered":"Conciliar Mayor"},"content":{"rendered":"<p>Complemento Excel Conciliar Mayor es una excelente herramienta para realizar conciliaciones de Mayor de forma r\u00e1pida y autom\u00e1tica, es bastante \u00fatil para ahorrar tiempo y evitar los errores asociados al realizarla manualmente.<\/p>","protected":false},"excerpt":{"rendered":"<p>Complemento Excel Conciliar Mayor es una excelente herramienta para realizar conciliaciones de Mayor de forma r\u00e1pida y autom\u00e1tica, es bastante \u00fatil para ahorrar tiempo y evitar los errores asociados al realizarla manualmente.<\/p>","protected":false},"featured_media":19,"template":"","meta":[],"product_brand":[],"product_cat":[26],"product_tag":[34,33,36],"class_list":{"0":"post-546","1":"product","2":"type-product","3":"status-publish","4":"has-post-thumbnail","6":"product_cat-vsto-add-in-for-excel","7":"product_tag-complemento-excel","8":"product_tag-conciliacion","9":"product_tag-mayor","11":"first","12":"instock","13":"downloadable","14":"virtual","15":"purchasable","16":"product-type-simple"},"jetpack_sharing_enabled":true,"_links":{"self":[{"href":"https:\/\/addinreconciliation.com\/es\/wp-json\/wp\/v2\/product\/546","targetHints":{"allow":["GET"]}}],"collection":[{"href":"https:\/\/addinreconciliation.com\/es\/wp-json\/wp\/v2\/product"}],"about":[{"href":"https:\/\/addinreconciliation.com\/es\/wp-json\/wp\/v2\/types\/product"}],"wp:featuredmedia":[{"embeddable":true,"href":"https:\/\/addinreconciliation.com\/es\/wp-json\/wp\/v2\/media\/19"}],"wp:attachment":[{"href":"https:\/\/addinreconciliation.com\/es\/wp-json\/wp\/v2\/media?parent=546"}],"wp:term":[{"taxonomy":"product_brand","embeddable":true,"href":"https:\/\/addinreconciliation.com\/es\/wp-json\/wp\/v2\/product_brand?post=546"},{"taxonomy":"product_cat","embeddable":true,"href":"https:\/\/addinreconciliation.com\/es\/wp-json\/wp\/v2\/product_cat?post=546"},{"taxonomy":"product_tag","embeddable":true,"href":"https:\/\/addinreconciliation.com\/es\/wp-json\/wp\/v2\/product_tag?post=546"}],"curies":[{"name":"wp","href":"https:\/\/api.w.org\/{rel}","templated":true}]}}